{"id":418,"date":"2021-11-13T22:06:42","date_gmt":"2021-11-13T22:06:42","guid":{"rendered":"https:\/\/lasertechnix.com\/?page_id=418"},"modified":"2024-04-17T15:00:28","modified_gmt":"2024-04-17T15:00:28","slug":"impressum","status":"publish","type":"page","link":"https:\/\/lasertechnix.com\/en\/impressum\/","title":{"rendered":"Legal notice"},"content":{"rendered":"<div data-elementor-type=\"wp-page\" data-elementor-id=\"418\" class=\"elementor elementor-418\" data-elementor-post-type=\"page\">\n\t\t\t\t\t\t<section class=\"elementor-section elementor-top-section elementor-element elementor-element-862a1e4 elementor-section-height-min-height elementor-section-boxed elementor-section-height-default elementor-section-items-middle\" data-id=\"862a1e4\" data-element_type=\"section\" data-e-type=\"section\">\n\t\t\t\t\t\t<div class=\"elementor-container elementor-column-gap-default\">\n\t\t\t\t\t<div class=\"elementor-column elementor-col-100 elementor-top-column elementor-element elementor-element-c712330\" data-id=\"c712330\" data-element_type=\"column\" data-e-type=\"column\">\n\t\t\t<div class=\"elementor-widget-wrap elementor-element-populated\">\n\t\t\t\t\t\t<div class=\"elementor-element elementor-element-add29cd elementor-widget elementor-widget-text-editor\" data-id=\"add29cd\" data-element_type=\"widget\" data-e-type=\"widget\" data-widget_type=\"text-editor.default\">\n\t\t\t\t<div class=\"elementor-widget-container\">\n\t\t\t\t\t\t\t\t\t<h1>Legal notice<\/h1><p>Lasertechnix<br \/>Inhaber: Moritz Briegel\u00a0<\/p><p>Waldstra\u00dfe 6<br \/>35415 Pohlheim<br \/>Deutschland<\/p><p>Tel.: +49 (0) 1707083673<\/p><p>Mail: info@lasertechnix.com<\/p><p>\u00a0<\/p><p>Hinweis: Moritz Briegel Lasertechnix\u00a0bem\u00fcht sich im Rahmen des M\u00f6glichen, auf dieser Website richtige und vollst\u00e4ndige Informationen zur Verf\u00fcgung zu stellen. Moritz Briegel Lasertechnix\u00a0\u00fcbernimmt jedoch keine Haftung oder Garantie f\u00fcr die Aktualit\u00e4t, Richtigkeit und Vollst\u00e4ndigkeit der auf dieser Website bereitgestellten Informationen. Dies gilt auch f\u00fcr alle Verbindungen (Links), auf die diese Website direkt oder indirekt verweist. Moritz Briegel Lasertechnix\u00a0ist f\u00fcr den Inhalt einer Seite, die mit einem solchen Link erreicht wird, nicht verantwortlich. Moritz Briegel Lasertechnix\u00a0beh\u00e4lt sich das Recht vor, ohne vorherige Ank\u00fcndigung, \u00c4nderungen oder Erg\u00e4nzungen der bereitgestellten Informationen vorzunehmen. Moritz Briegel Lasertechnix\u00a0haftet nicht f\u00fcr direkte oder indirekte Sch\u00e4den, einschlie\u00dflich entgangenen Gewinns, die aufgrund von Fehlinformationen oder sonstige in Verbindung mit Informationen entstehen, die auf dieser Website bereitgehalten werden.<\/p><p>Die Europ\u00e4ische Kommission stellt eine Plattform zur Online-Streitbeilegung (OS) bereit, die Sie hier finden https:\/\/ec.europa.eu\/consumers\/odr\/ [https:\/\/ec.europa.eu\/consumers\/odr\/]. Zur Teilnahme an einem Streitbeilegungsverfahren vor einer Verbraucherschlichtungsstelle sind wir nicht verpflichtet und nicht bereit.<\/p><p>Impressum [https:\/\/shop.trustedshops.com\/de\/rechtstexte\/] erstellt mit dem Trusted Shops [https:\/\/shop.trustedshops.com\/de\/] Rechtstexter in Kooperation mit F\u00d6HLISCH Rechtsanw\u00e4lte [https:\/\/foehlisch.com].<\/p>\t\t\t\t\t\t\t\t<\/div>\n\t\t\t\t<\/div>\n\t\t\t\t\t<\/div>\n\t\t<\/div>\n\t\t\t\t\t<\/div>\n\t\t<\/section>\n\t\t\t\t<\/div>","protected":false},"excerpt":{"rendered":"<p>Impressum LasertechnixInhaber: Moritz Briegel\u00a0 Waldstra\u00dfe 635415 PohlheimDeutschland Tel.: +49 (0) 1707083673 Mail: info@lasertechnix.com \u00a0 Hinweis: Moritz Briegel Lasertechnix\u00a0bem\u00fcht sich im Rahmen des M\u00f6glichen, auf dieser Website richtige und vollst\u00e4ndige Informationen zur Verf\u00fcgung zu stellen. Moritz Briegel Lasertechnix\u00a0\u00fcbernimmt jedoch keine Haftung oder Garantie f\u00fcr die Aktualit\u00e4t, Richtigkeit und Vollst\u00e4ndigkeit der auf dieser Website bereitgestellten Informationen. Dies [&hellip;]<\/p>","protected":false},"author":1,"featured_media":0,"parent":0,"menu_order":0,"comment_status":"closed","ping_status":"closed","template":"","meta":{"inline_featured_image":false,"footnotes":""},"class_list":["post-418","page","type-page","status-publish","hentry"],"yoast_head":"<!-- This site is optimized with the Yoast SEO plugin v27.5 - https:\/\/yoast.com\/product\/yoast-seo-wordpress\/ -->\n<title>Impressum - Lasertechnix<\/title>\n<meta name=\"robots\" content=\"index, follow, max-snippet:-1, max-image-preview:large, max-video-preview:-1\" \/>\n<link rel=\"canonical\" href=\"https:\/\/lasertechnix.com\/en\/impressum\/\" \/>\n<meta property=\"og:locale\" content=\"en_US\" \/>\n<meta property=\"og:type\" content=\"article\" \/>\n<meta property=\"og:title\" content=\"Impressum - Lasertechnix\" \/>\n<meta property=\"og:description\" content=\"Impressum LasertechnixInhaber: Moritz Briegel\u00a0 Waldstra\u00dfe 635415 PohlheimDeutschland Tel.: +49 (0) 1707083673 Mail: info@lasertechnix.com \u00a0 Hinweis: Moritz Briegel Lasertechnix\u00a0bem\u00fcht sich im Rahmen des M\u00f6glichen, auf dieser Website richtige und vollst\u00e4ndige Informationen zur Verf\u00fcgung zu stellen. Moritz Briegel Lasertechnix\u00a0\u00fcbernimmt jedoch keine Haftung oder Garantie f\u00fcr die Aktualit\u00e4t, Richtigkeit und Vollst\u00e4ndigkeit der auf dieser Website bereitgestellten Informationen. Dies [&hellip;]\" \/>\n<meta property=\"og:url\" content=\"https:\/\/lasertechnix.com\/en\/impressum\/\" \/>\n<meta property=\"og:site_name\" content=\"Lasertechnix\" \/>\n<meta property=\"article:modified_time\" content=\"2024-04-17T15:00:28+00:00\" \/>\n<meta name=\"twitter:card\" content=\"summary_large_image\" \/>\n<meta name=\"twitter:label1\" content=\"Est. reading time\" \/>\n\t<meta name=\"twitter:data1\" content=\"1 minute\" \/>\n<script type=\"application\/ld+json\" class=\"yoast-schema-graph\">{\"@context\":\"https:\\\/\\\/schema.org\",\"@graph\":[{\"@type\":\"WebPage\",\"@id\":\"https:\\\/\\\/lasertechnix.com\\\/impressum\\\/\",\"url\":\"https:\\\/\\\/lasertechnix.com\\\/impressum\\\/\",\"name\":\"Impressum - Lasertechnix\",\"isPartOf\":{\"@id\":\"https:\\\/\\\/lasertechnix.com\\\/#website\"},\"datePublished\":\"2021-11-13T22:06:42+00:00\",\"dateModified\":\"2024-04-17T15:00:28+00:00\",\"breadcrumb\":{\"@id\":\"https:\\\/\\\/lasertechnix.com\\\/impressum\\\/#breadcrumb\"},\"inLanguage\":\"en-US\",\"potentialAction\":[{\"@type\":\"ReadAction\",\"target\":[\"https:\\\/\\\/lasertechnix.com\\\/impressum\\\/\"]}]},{\"@type\":\"BreadcrumbList\",\"@id\":\"https:\\\/\\\/lasertechnix.com\\\/impressum\\\/#breadcrumb\",\"itemListElement\":[{\"@type\":\"ListItem\",\"position\":1,\"name\":\"Startseite\",\"item\":\"https:\\\/\\\/lasertechnix.com\\\/\"},{\"@type\":\"ListItem\",\"position\":2,\"name\":\"Impressum\"}]},{\"@type\":\"WebSite\",\"@id\":\"https:\\\/\\\/lasertechnix.com\\\/#website\",\"url\":\"https:\\\/\\\/lasertechnix.com\\\/\",\"name\":\"Lasertechnix\",\"description\":\"Lasershow die bewegt.\",\"publisher\":{\"@id\":\"https:\\\/\\\/lasertechnix.com\\\/#organization\"},\"potentialAction\":[{\"@type\":\"SearchAction\",\"target\":{\"@type\":\"EntryPoint\",\"urlTemplate\":\"https:\\\/\\\/lasertechnix.com\\\/?s={search_term_string}\"},\"query-input\":{\"@type\":\"PropertyValueSpecification\",\"valueRequired\":true,\"valueName\":\"search_term_string\"}}],\"inLanguage\":\"en-US\"},{\"@type\":\"Organization\",\"@id\":\"https:\\\/\\\/lasertechnix.com\\\/#organization\",\"name\":\"Lasertechnix\",\"url\":\"https:\\\/\\\/lasertechnix.com\\\/\",\"logo\":{\"@type\":\"ImageObject\",\"inLanguage\":\"en-US\",\"@id\":\"https:\\\/\\\/lasertechnix.com\\\/#\\\/schema\\\/logo\\\/image\\\/\",\"url\":\"https:\\\/\\\/lasertechnix.com\\\/wp-content\\\/uploads\\\/2022\\\/04\\\/Logo-Facebook.png\",\"contentUrl\":\"https:\\\/\\\/lasertechnix.com\\\/wp-content\\\/uploads\\\/2022\\\/04\\\/Logo-Facebook.png\",\"width\":1000,\"height\":1000,\"caption\":\"Lasertechnix\"},\"image\":{\"@id\":\"https:\\\/\\\/lasertechnix.com\\\/#\\\/schema\\\/logo\\\/image\\\/\"}}]}<\/script>\n<!-- \/ Yoast SEO plugin. -->","yoast_head_json":{"title":"Impressum - Lasertechnix","robots":{"index":"index","follow":"follow","max-snippet":"max-snippet:-1","max-image-preview":"max-image-preview:large","max-video-preview":"max-video-preview:-1"},"canonical":"https:\/\/lasertechnix.com\/en\/impressum\/","og_locale":"en_US","og_type":"article","og_title":"Impressum - Lasertechnix","og_description":"Impressum LasertechnixInhaber: Moritz Briegel\u00a0 Waldstra\u00dfe 635415 PohlheimDeutschland Tel.: +49 (0) 1707083673 Mail: info@lasertechnix.com \u00a0 Hinweis: Moritz Briegel Lasertechnix\u00a0bem\u00fcht sich im Rahmen des M\u00f6glichen, auf dieser Website richtige und vollst\u00e4ndige Informationen zur Verf\u00fcgung zu stellen. Moritz Briegel Lasertechnix\u00a0\u00fcbernimmt jedoch keine Haftung oder Garantie f\u00fcr die Aktualit\u00e4t, Richtigkeit und Vollst\u00e4ndigkeit der auf dieser Website bereitgestellten Informationen. Dies [&hellip;]","og_url":"https:\/\/lasertechnix.com\/en\/impressum\/","og_site_name":"Lasertechnix","article_modified_time":"2024-04-17T15:00:28+00:00","twitter_card":"summary_large_image","twitter_misc":{"Est. reading time":"1 minute"},"schema":{"@context":"https:\/\/schema.org","@graph":[{"@type":"WebPage","@id":"https:\/\/lasertechnix.com\/impressum\/","url":"https:\/\/lasertechnix.com\/impressum\/","name":"Impressum - Lasertechnix","isPartOf":{"@id":"https:\/\/lasertechnix.com\/#website"},"datePublished":"2021-11-13T22:06:42+00:00","dateModified":"2024-04-17T15:00:28+00:00","breadcrumb":{"@id":"https:\/\/lasertechnix.com\/impressum\/#breadcrumb"},"inLanguage":"en-US","potentialAction":[{"@type":"ReadAction","target":["https:\/\/lasertechnix.com\/impressum\/"]}]},{"@type":"BreadcrumbList","@id":"https:\/\/lasertechnix.com\/impressum\/#breadcrumb","itemListElement":[{"@type":"ListItem","position":1,"name":"Startseite","item":"https:\/\/lasertechnix.com\/"},{"@type":"ListItem","position":2,"name":"Impressum"}]},{"@type":"WebSite","@id":"https:\/\/lasertechnix.com\/#website","url":"https:\/\/lasertechnix.com\/","name":"Lasertechnix","description":"Lasershow die bewegt.","publisher":{"@id":"https:\/\/lasertechnix.com\/#organization"},"potentialAction":[{"@type":"SearchAction","target":{"@type":"EntryPoint","urlTemplate":"https:\/\/lasertechnix.com\/?s={search_term_string}"},"query-input":{"@type":"PropertyValueSpecification","valueRequired":true,"valueName":"search_term_string"}}],"inLanguage":"en-US"},{"@type":"Organization","@id":"https:\/\/lasertechnix.com\/#organization","name":"Lasertechnix","url":"https:\/\/lasertechnix.com\/","logo":{"@type":"ImageObject","inLanguage":"en-US","@id":"https:\/\/lasertechnix.com\/#\/schema\/logo\/image\/","url":"https:\/\/lasertechnix.com\/wp-content\/uploads\/2022\/04\/Logo-Facebook.png","contentUrl":"https:\/\/lasertechnix.com\/wp-content\/uploads\/2022\/04\/Logo-Facebook.png","width":1000,"height":1000,"caption":"Lasertechnix"},"image":{"@id":"https:\/\/lasertechnix.com\/#\/schema\/logo\/image\/"}}]}},"_links":{"self":[{"href":"https:\/\/lasertechnix.com\/en\/wp-json\/wp\/v2\/pages\/418","targetHints":{"allow":["GET"]}}],"collection":[{"href":"https:\/\/lasertechnix.com\/en\/wp-json\/wp\/v2\/pages"}],"about":[{"href":"https:\/\/lasertechnix.com\/en\/wp-json\/wp\/v2\/types\/page"}],"author":[{"embeddable":true,"href":"https:\/\/lasertechnix.com\/en\/wp-json\/wp\/v2\/users\/1"}],"replies":[{"embeddable":true,"href":"https:\/\/lasertechnix.com\/en\/wp-json\/wp\/v2\/comments?post=418"}],"version-history":[{"count":10,"href":"https:\/\/lasertechnix.com\/en\/wp-json\/wp\/v2\/pages\/418\/revisions"}],"predecessor-version":[{"id":1759,"href":"https:\/\/lasertechnix.com\/en\/wp-json\/wp\/v2\/pages\/418\/revisions\/1759"}],"wp:attachment":[{"href":"https:\/\/lasertechnix.com\/en\/wp-json\/wp\/v2\/media?parent=418"}],"curies":[{"name":"wp","href":"https:\/\/api.w.org\/{rel}","templated":true}]}}