{"id":440,"date":"2021-11-13T22:16:41","date_gmt":"2021-11-13T22:16:41","guid":{"rendered":"https:\/\/lasertechnix.com\/?page_id=440"},"modified":"2024-04-17T15:01:47","modified_gmt":"2024-04-17T15:01:47","slug":"datenschutz","status":"publish","type":"page","link":"https:\/\/lasertechnix.com\/en\/datenschutz\/","title":{"rendered":"Privacy"},"content":{"rendered":"<div data-elementor-type=\"wp-page\" data-elementor-id=\"440\" class=\"elementor elementor-440\" data-elementor-post-type=\"page\">\n\t\t\t\t\t\t<section class=\"elementor-section elementor-top-section elementor-element elementor-element-7c2abfc elementor-section-height-min-height elementor-section-boxed elementor-section-height-default elementor-section-items-middle\" data-id=\"7c2abfc\" data-element_type=\"section\" data-e-type=\"section\">\n\t\t\t\t\t\t<div class=\"elementor-container elementor-column-gap-default\">\n\t\t\t\t\t<div class=\"elementor-column elementor-col-100 elementor-top-column elementor-element elementor-element-4eeaa1a\" data-id=\"4eeaa1a\" data-element_type=\"column\" data-e-type=\"column\">\n\t\t\t<div class=\"elementor-widget-wrap elementor-element-populated\">\n\t\t\t\t\t\t<div class=\"elementor-element elementor-element-222e77d elementor-widget elementor-widget-heading\" data-id=\"222e77d\" data-element_type=\"widget\" data-e-type=\"widget\" data-widget_type=\"heading.default\">\n\t\t\t\t<div class=\"elementor-widget-container\">\n\t\t\t\t\t<h2 class=\"elementor-heading-title elementor-size-default\">Datenschutzerkl\u00e4rung<\/h2>\t\t\t\t<\/div>\n\t\t\t\t<\/div>\n\t\t\t\t<div class=\"elementor-element elementor-element-28d80cd elementor-widget elementor-widget-text-editor\" data-id=\"28d80cd\" data-element_type=\"widget\" data-e-type=\"widget\" data-widget_type=\"text-editor.default\">\n\t\t\t\t<div class=\"elementor-widget-container\">\n\t\t\t\t\t\t\t\t\t<h1><span style=\"color: var( --e-global-color-text ); font-size: 1rem;\">Verantwortlich f\u00fcr die Datenverarbeitung:<\/span><br><\/h1>\n<p>Moritz Briegel<br>Waldstra\u00dfe 6<br>Pohlheim 35415<br>Deutschland<\/p>\n<p>info@lasertechnix.com<\/p>\n<p>Wir freuen uns \u00fcber Ihr Interesse an unserem Online-Shop. Der Schutz Ihrer Privatsph\u00e4re ist f\u00fcr uns sehr wichtig. Nachstehend informieren wir Sie ausf\u00fchrlich \u00fcber den Umgang mit Ihren Daten.<\/p>\n<p>1. Zugriffsdaten und Hosting<\/p>\n<p>Sie k\u00f6nnen unsere Webseiten besuchen, ohne Angaben zu Ihrer Person zu machen. Bei jedem Aufruf einer Webseite speichert der Webserver lediglich automatisch ein sogenanntes Server-Logfile, das z.B. den Namen der angeforderten Datei, Ihre IP-Adresse, Datum und Uhrzeit des Abrufs, \u00fcbertragene Datenmenge und den anfragenden Provider (Zugriffsdaten) enth\u00e4lt und den Abruf dokumentiert.<\/p>\n<p>Diese Zugriffsdaten werden ausschlie\u00dflich zum Zwecke der Sicherstellung eines st\u00f6rungsfreien Betriebs der Seite sowie der Verbesserung unseres Angebots ausgewertet. Dies dient gem\u00e4\u00df Art. 6 Abs. 1 S. 1 lit. f DSGVO der Wahrung unserer im Rahmen einer Interessensabw\u00e4gung \u00fcberwiegenden berechtigten Interessen an einer korrekten Darstellung unseres Angebots. Alle Zugriffsdaten werden sp\u00e4testens sieben Tage nach Ende Ihres Seitenbesuchs gel\u00f6scht.<\/p>\n<p>Hostingdienstleistungen durch einen Drittanbieter<\/p>\n<p>Im Rahmen einer Verarbeitung in unserem Auftrag erbringt ein Drittanbieter f\u00fcr uns die Dienste zum Hosting und zur Darstellung der Webseite. Alle Daten, die im Rahmen der Nutzung dieser Webseite oder in daf\u00fcr vorgesehenen Formularen im Onlineshop wie folgend beschrieben erhoben werden, werden auf seinen Servern verarbeitet. Eine Verarbeitung auf anderen Servern findet nur in dem hier erl\u00e4uterten Rahmen statt.<\/p>\n<p>Dieser Dienstleister sitzt innerhalb eines Landes der Europ\u00e4ischen Union oder des Europ\u00e4ischen Wirtschaftsraums.<\/p>\t\t\t\t\t\t\t\t<\/div>\n\t\t\t\t<\/div>\n\t\t\t\t\t<\/div>\n\t\t<\/div>\n\t\t\t\t\t<\/div>\n\t\t<\/section>\n\t\t\t\t<\/div>","protected":false},"excerpt":{"rendered":"<p>Datenschutzerkl\u00e4rung Verantwortlich f\u00fcr die Datenverarbeitung: Moritz BriegelWaldstra\u00dfe 6Pohlheim 35415Deutschland info@lasertechnix.com Wir freuen uns \u00fcber Ihr Interesse an unserem Online-Shop. Der Schutz Ihrer Privatsph\u00e4re ist f\u00fcr uns sehr wichtig. Nachstehend informieren wir Sie ausf\u00fchrlich \u00fcber den Umgang mit Ihren Daten. 1. Zugriffsdaten und Hosting Sie k\u00f6nnen unsere Webseiten besuchen, ohne Angaben zu Ihrer Person zu machen. [&hellip;]<\/p>","protected":false},"author":1,"featured_media":0,"parent":0,"menu_order":0,"comment_status":"closed","ping_status":"closed","template":"","meta":{"inline_featured_image":false,"footnotes":""},"class_list":["post-440","page","type-page","status-publish","hentry"],"yoast_head":"<!-- This site is optimized with the Yoast SEO plugin v27.5 - https:\/\/yoast.com\/product\/yoast-seo-wordpress\/ -->\n<title>Datenschutz - Lasertechnix<\/title>\n<meta name=\"robots\" content=\"index, follow, max-snippet:-1, max-image-preview:large, max-video-preview:-1\" \/>\n<link rel=\"canonical\" href=\"https:\/\/lasertechnix.com\/en\/datenschutz\/\" \/>\n<meta property=\"og:locale\" content=\"en_US\" \/>\n<meta property=\"og:type\" content=\"article\" \/>\n<meta property=\"og:title\" content=\"Datenschutz - Lasertechnix\" \/>\n<meta property=\"og:description\" content=\"Datenschutzerkl\u00e4rung Verantwortlich f\u00fcr die Datenverarbeitung: Moritz BriegelWaldstra\u00dfe 6Pohlheim 35415Deutschland info@lasertechnix.com Wir freuen uns \u00fcber Ihr Interesse an unserem Online-Shop. Der Schutz Ihrer Privatsph\u00e4re ist f\u00fcr uns sehr wichtig. Nachstehend informieren wir Sie ausf\u00fchrlich \u00fcber den Umgang mit Ihren Daten. 1. Zugriffsdaten und Hosting Sie k\u00f6nnen unsere Webseiten besuchen, ohne Angaben zu Ihrer Person zu machen. [&hellip;]\" \/>\n<meta property=\"og:url\" content=\"https:\/\/lasertechnix.com\/en\/datenschutz\/\" \/>\n<meta property=\"og:site_name\" content=\"Lasertechnix\" \/>\n<meta property=\"article:modified_time\" content=\"2024-04-17T15:01:47+00:00\" \/>\n<meta name=\"twitter:card\" content=\"summary_large_image\" \/>\n<meta name=\"twitter:label1\" content=\"Est. reading time\" \/>\n\t<meta name=\"twitter:data1\" content=\"1 minute\" \/>\n<script type=\"application\/ld+json\" class=\"yoast-schema-graph\">{\"@context\":\"https:\\\/\\\/schema.org\",\"@graph\":[{\"@type\":\"WebPage\",\"@id\":\"https:\\\/\\\/lasertechnix.com\\\/datenschutz\\\/\",\"url\":\"https:\\\/\\\/lasertechnix.com\\\/datenschutz\\\/\",\"name\":\"Datenschutz - Lasertechnix\",\"isPartOf\":{\"@id\":\"https:\\\/\\\/lasertechnix.com\\\/#website\"},\"datePublished\":\"2021-11-13T22:16:41+00:00\",\"dateModified\":\"2024-04-17T15:01:47+00:00\",\"breadcrumb\":{\"@id\":\"https:\\\/\\\/lasertechnix.com\\\/datenschutz\\\/#breadcrumb\"},\"inLanguage\":\"en-US\",\"potentialAction\":[{\"@type\":\"ReadAction\",\"target\":[\"https:\\\/\\\/lasertechnix.com\\\/datenschutz\\\/\"]}]},{\"@type\":\"BreadcrumbList\",\"@id\":\"https:\\\/\\\/lasertechnix.com\\\/datenschutz\\\/#breadcrumb\",\"itemListElement\":[{\"@type\":\"ListItem\",\"position\":1,\"name\":\"Startseite\",\"item\":\"https:\\\/\\\/lasertechnix.com\\\/\"},{\"@type\":\"ListItem\",\"position\":2,\"name\":\"Datenschutz\"}]},{\"@type\":\"WebSite\",\"@id\":\"https:\\\/\\\/lasertechnix.com\\\/#website\",\"url\":\"https:\\\/\\\/lasertechnix.com\\\/\",\"name\":\"Lasertechnix\",\"description\":\"Lasershow die bewegt.\",\"publisher\":{\"@id\":\"https:\\\/\\\/lasertechnix.com\\\/#organization\"},\"potentialAction\":[{\"@type\":\"SearchAction\",\"target\":{\"@type\":\"EntryPoint\",\"urlTemplate\":\"https:\\\/\\\/lasertechnix.com\\\/?s={search_term_string}\"},\"query-input\":{\"@type\":\"PropertyValueSpecification\",\"valueRequired\":true,\"valueName\":\"search_term_string\"}}],\"inLanguage\":\"en-US\"},{\"@type\":\"Organization\",\"@id\":\"https:\\\/\\\/lasertechnix.com\\\/#organization\",\"name\":\"Lasertechnix\",\"url\":\"https:\\\/\\\/lasertechnix.com\\\/\",\"logo\":{\"@type\":\"ImageObject\",\"inLanguage\":\"en-US\",\"@id\":\"https:\\\/\\\/lasertechnix.com\\\/#\\\/schema\\\/logo\\\/image\\\/\",\"url\":\"https:\\\/\\\/lasertechnix.com\\\/wp-content\\\/uploads\\\/2022\\\/04\\\/Logo-Facebook.png\",\"contentUrl\":\"https:\\\/\\\/lasertechnix.com\\\/wp-content\\\/uploads\\\/2022\\\/04\\\/Logo-Facebook.png\",\"width\":1000,\"height\":1000,\"caption\":\"Lasertechnix\"},\"image\":{\"@id\":\"https:\\\/\\\/lasertechnix.com\\\/#\\\/schema\\\/logo\\\/image\\\/\"}}]}<\/script>\n<!-- \/ Yoast SEO plugin. -->","yoast_head_json":{"title":"Datenschutz - Lasertechnix","robots":{"index":"index","follow":"follow","max-snippet":"max-snippet:-1","max-image-preview":"max-image-preview:large","max-video-preview":"max-video-preview:-1"},"canonical":"https:\/\/lasertechnix.com\/en\/datenschutz\/","og_locale":"en_US","og_type":"article","og_title":"Datenschutz - Lasertechnix","og_description":"Datenschutzerkl\u00e4rung Verantwortlich f\u00fcr die Datenverarbeitung: Moritz BriegelWaldstra\u00dfe 6Pohlheim 35415Deutschland info@lasertechnix.com Wir freuen uns \u00fcber Ihr Interesse an unserem Online-Shop. Der Schutz Ihrer Privatsph\u00e4re ist f\u00fcr uns sehr wichtig. Nachstehend informieren wir Sie ausf\u00fchrlich \u00fcber den Umgang mit Ihren Daten. 1. Zugriffsdaten und Hosting Sie k\u00f6nnen unsere Webseiten besuchen, ohne Angaben zu Ihrer Person zu machen. [&hellip;]","og_url":"https:\/\/lasertechnix.com\/en\/datenschutz\/","og_site_name":"Lasertechnix","article_modified_time":"2024-04-17T15:01:47+00:00","twitter_card":"summary_large_image","twitter_misc":{"Est. reading time":"1 minute"},"schema":{"@context":"https:\/\/schema.org","@graph":[{"@type":"WebPage","@id":"https:\/\/lasertechnix.com\/datenschutz\/","url":"https:\/\/lasertechnix.com\/datenschutz\/","name":"Datenschutz - Lasertechnix","isPartOf":{"@id":"https:\/\/lasertechnix.com\/#website"},"datePublished":"2021-11-13T22:16:41+00:00","dateModified":"2024-04-17T15:01:47+00:00","breadcrumb":{"@id":"https:\/\/lasertechnix.com\/datenschutz\/#breadcrumb"},"inLanguage":"en-US","potentialAction":[{"@type":"ReadAction","target":["https:\/\/lasertechnix.com\/datenschutz\/"]}]},{"@type":"BreadcrumbList","@id":"https:\/\/lasertechnix.com\/datenschutz\/#breadcrumb","itemListElement":[{"@type":"ListItem","position":1,"name":"Startseite","item":"https:\/\/lasertechnix.com\/"},{"@type":"ListItem","position":2,"name":"Datenschutz"}]},{"@type":"WebSite","@id":"https:\/\/lasertechnix.com\/#website","url":"https:\/\/lasertechnix.com\/","name":"Lasertechnix","description":"Lasershow die bewegt.","publisher":{"@id":"https:\/\/lasertechnix.com\/#organization"},"potentialAction":[{"@type":"SearchAction","target":{"@type":"EntryPoint","urlTemplate":"https:\/\/lasertechnix.com\/?s={search_term_string}"},"query-input":{"@type":"PropertyValueSpecification","valueRequired":true,"valueName":"search_term_string"}}],"inLanguage":"en-US"},{"@type":"Organization","@id":"https:\/\/lasertechnix.com\/#organization","name":"Lasertechnix","url":"https:\/\/lasertechnix.com\/","logo":{"@type":"ImageObject","inLanguage":"en-US","@id":"https:\/\/lasertechnix.com\/#\/schema\/logo\/image\/","url":"https:\/\/lasertechnix.com\/wp-content\/uploads\/2022\/04\/Logo-Facebook.png","contentUrl":"https:\/\/lasertechnix.com\/wp-content\/uploads\/2022\/04\/Logo-Facebook.png","width":1000,"height":1000,"caption":"Lasertechnix"},"image":{"@id":"https:\/\/lasertechnix.com\/#\/schema\/logo\/image\/"}}]}},"_links":{"self":[{"href":"https:\/\/lasertechnix.com\/en\/wp-json\/wp\/v2\/pages\/440","targetHints":{"allow":["GET"]}}],"collection":[{"href":"https:\/\/lasertechnix.com\/en\/wp-json\/wp\/v2\/pages"}],"about":[{"href":"https:\/\/lasertechnix.com\/en\/wp-json\/wp\/v2\/types\/page"}],"author":[{"embeddable":true,"href":"https:\/\/lasertechnix.com\/en\/wp-json\/wp\/v2\/users\/1"}],"replies":[{"embeddable":true,"href":"https:\/\/lasertechnix.com\/en\/wp-json\/wp\/v2\/comments?post=440"}],"version-history":[{"count":3,"href":"https:\/\/lasertechnix.com\/en\/wp-json\/wp\/v2\/pages\/440\/revisions"}],"predecessor-version":[{"id":1749,"href":"https:\/\/lasertechnix.com\/en\/wp-json\/wp\/v2\/pages\/440\/revisions\/1749"}],"wp:attachment":[{"href":"https:\/\/lasertechnix.com\/en\/wp-json\/wp\/v2\/media?parent=440"}],"curies":[{"name":"wp","href":"https:\/\/api.w.org\/{rel}","templated":true}]}}